{"id":384,"date":"2025-02-18T18:46:59","date_gmt":"2025-02-18T18:46:59","guid":{"rendered":"https:\/\/elrayoverdefilms.com\/home\/"},"modified":"2025-06-25T09:44:54","modified_gmt":"2025-06-25T09:44:54","slug":"home","status":"publish","type":"page","link":"https:\/\/elrayoverdefilms.com\/en\/","title":{"rendered":"Home"},"content":{"rendered":"<section class=\"header_24_1  \" id=\"\"     aria-label=\"\" data-block-id=\"69e353afb871669e353afb8717\" data-block-name=\"acf\/header-24-1\" data-post-id=\"384\" data-stable-id=\"block_da07d7505ef900bf01b9474ffde7ef32\">\r\n    <div class=\"mask\"><\/div>\r\n            <div class=\"video-background\">\r\n            <div class=\"video-foreground\">\r\n                <iframe loading=\"lazy\" width=\"560\" height=\"315\" src=\"https:\/\/www.youtube.com\/embed\/aw4fbUbtN08?autoplay=1&#038;mute=1&#038;loop=1&#038;playlist=aw4fbUbtN08&#038;controls=0\" frameborder=\"0\" allowfullscreen><\/iframe>            <\/div>\r\n        <\/div>\r\n        <div class=\"container\" data-aos=\"fade-up\">\r\n        <div class=\"row\">\r\n            <div class=\"col col-titulo header_24_1-center\">\r\n                                                <h1 class=\"tamano1 color-2-headings-light\">PAGE UNDER CONSTRUCTION<\/h1>\r\n                                                <div class=\"texto tamano-7-mediumcta color-2-body-light\"><p><span style=\"color: #ffffff;\">If you want to contact us, write to us at ervcine@gmail.com<\/span><\/p>\n<\/div>\r\n                \r\n                <div class=\"enlaces\">\r\n                                            <a href=\"https:\/\/www.instagram.com\/erv.cine\/\" target=\"\" class=\"btn-round tamano-7-mediumcta color-boton-3-texto-normal color-boton-3-texto-hover color-boton-3-normal color-boton-3-hover\">\r\n    \r\n    <span>Instagram<\/span>\r\n<\/a>\r\n\r\n<style>\r\n    .btn-border-rounded {\r\n        border-radius: 12px !important;\r\n    }\r\n\r\n    .btn-border-square {\r\n        border-radius: 0 !important;\r\n    }\r\n\r\n    \/* Estilos de hover *\/\r\n    .btn-hover-hover1:hover {\r\n        filter: contrast(0.55);\r\n    }\r\n\r\n    .btn-hover-hover2:hover {\r\n        filter: sepia(2);\r\n    }\r\n\r\n    \/* Estilos del icono cuando existe *\/\r\n    a i {\r\n        margin-right: 8px;\r\n        font-size: 16px;\r\n    }\r\n\r\n    \/* Icono Lucide *\/\r\n    .btn-icon--lucide {\r\n        display: inline-flex;\r\n        align-items: center;\r\n        justify-content: center;\r\n        margin-right: 8px;\r\n    }\r\n\r\n    .btn-icon--lucide svg {\r\n        width: 16px;\r\n        height: 16px;\r\n        display: block;\r\n    }\r\n<\/style>\r\n                    \r\n                                            <a href=\"https:\/\/www.linkedin.com\/company\/elrayoverde\/\" target=\"\" class=\"btn-round tamano-7-mediumcta secundario color-boton-2-texto-normal color-boton-2-texto-hover color-boton-2-normal color-boton-2-hover\">\r\n    \r\n    <span>LinkedIn<\/span>\r\n<\/a>\r\n\r\n<style>\r\n    .btn-border-rounded {\r\n        border-radius: 12px !important;\r\n    }\r\n\r\n    .btn-border-square {\r\n        border-radius: 0 !important;\r\n    }\r\n\r\n    \/* Estilos de hover *\/\r\n    .btn-hover-hover1:hover {\r\n        filter: contrast(0.55);\r\n    }\r\n\r\n    .btn-hover-hover2:hover {\r\n        filter: sepia(2);\r\n    }\r\n\r\n    \/* Estilos del icono cuando existe *\/\r\n    a i {\r\n        margin-right: 8px;\r\n        font-size: 16px;\r\n    }\r\n\r\n    \/* Icono Lucide *\/\r\n    .btn-icon--lucide {\r\n        display: inline-flex;\r\n        align-items: center;\r\n        justify-content: center;\r\n        margin-right: 8px;\r\n    }\r\n\r\n    .btn-icon--lucide svg {\r\n        width: 16px;\r\n        height: 16px;\r\n        display: block;\r\n    }\r\n<\/style>\r\n                                    <\/div>\r\n            <\/div>\r\n        <\/div>\r\n    <\/div>\r\n    <\/section>\r\n<style>\r\n    .header_24_1 {\r\n        padding-top: 185px;\r\n        position: relative;\r\n        padding-bottom: 63px;\r\n        min-height: 100vH;\r\n        display: flex;\r\n        flex-direction: column;\r\n        justify-content: end;\r\n        padding-bottom: 130px;\r\n        background-position: center;\r\n        background-repeat: no-repeat;\r\n        background-size: cover;\r\n    }\r\n\r\n    .header_24_1-center {\r\n        max-width: 1070px;\r\n        text-align: center;\r\n        margin: 0 auto;\r\n    }\r\n\r\n    .header_24_1 .enlaces {\r\n        display: inline-flex;\r\n        gap: 25px;\r\n        flex-wrap: wrap;\r\n    }\r\n\r\n    .header_24_1-center .enlaces {\r\n        justify-content: center;\r\n    }\r\n\r\n    .header_24_1 .mask {\r\n        background: rgba(18, 18, 18, 0.50);\r\n        position: absolute;\r\n        top: 0;\r\n        left: 0;\r\n        width: 100%;\r\n        height: 100%;\r\n    }\r\n\r\n    .header_24_1 {\r\n        height: 100vH;\r\n        position: relative;\r\n        overflow: hidden;\r\n    }\r\n\r\n    .header_24_1 .video-background {\r\n        background: #000;\r\n        position: absolute;\r\n        top: 0;\r\n        right: 0;\r\n        bottom: 0;\r\n        left: 0;\r\n        z-index: -99;\r\n    }\r\n\r\n    .header_24_1 .video-foreground,\r\n    .header_24_1 .video-background iframe {\r\n        position: absolute;\r\n        top: 0;\r\n        left: 0;\r\n        width: 100%;\r\n        height: 100%;\r\n        pointer-events: none;\r\n    }\r\n\r\n    .header_24_1 .bar {\r\n        position: absolute;\r\n        left: 50%;\r\n        width: 1px;\r\n        height: 75px;\r\n        bottom: 35px;\r\n    }\r\n\r\n    .header_24_1 .subtitulo {\r\n        padding-bottom: 20px;\r\n    }\r\n\r\n    .header_24_1 .texto * {\r\n        padding-bottom: 15px;\r\n    }\r\n\r\n    .header_24_1 .texto *:last-child {\r\n        padding-bottom: 0;\r\n    }\r\n\r\n    .header_24_1 .texto {\r\n        max-width: 896px;\r\n        padding-bottom: 35px;\r\n    }\r\n\r\n    .header_24_1-center .texto {\r\n        margin: 0 auto;\r\n    }\r\n\r\n    .header_24_1 .container {\r\n        position: relative;\r\n        z-index: 1;\r\n    }\r\n\r\n    .header_24_1 .btn-round {\r\n        border-radius: 60px;\r\n        padding: 12px 25px;\r\n        display: inline-block;\r\n        min-width: 175px;\r\n        text-align: center;\r\n        text-decoration: none;\r\n    }\r\n\r\n    .header_24_1 .btn-round.secundario {\r\n        background-color: var(--color-boton-3-hover);\r\n        color: var(--color-boton-3-texto-hover);\r\n    }\r\n\r\n    .header_24_1 .btn-round.secundario:hover {\r\n        background-color: var(--color-boton-3-normal);\r\n        color: var(--color-boton-3-texto-normal);\r\n    }\r\n\r\n    .header_24_1 h1 {\r\n        padding-bottom: 50px;\r\n        max-width: 1205px;\r\n    }\r\n\r\n    @media (min-aspect-ratio: 16\/9) {\r\n        .header_24_1 .video-foreground {\r\n            height: 300%;\r\n            top: -100%;\r\n        }\r\n    }\r\n\r\n    @media (max-aspect-ratio: 16\/9) {\r\n        .header_24_1 .video-foreground {\r\n            width: 300%;\r\n            left: -100%;\r\n        }\r\n    }\r\n\r\n    @media (max-width:992px) {\r\n        .header_24_1 .bar {\r\n            display: none;\r\n        }\r\n    }\r\n\r\n    @media (max-width:768px) {\r\n        .header_24_1 {\r\n            padding-top: 130px;\r\n        }\r\n\r\n        .header_24_1 h1 {\r\n            padding-bottom: 25px;\r\n            line-height: var(--tamano3-line-height);\r\n        }\r\n\r\n        .header_24_1 .texto {\r\n            padding-bottom: 20px;\r\n        }\r\n    }\r\n<\/style>\r\n\n\n\n<p><\/p>\n","protected":false},"excerpt":{"rendered":"","protected":false},"author":1,"featured_media":0,"parent":0,"menu_order":0,"comment_status":"open","ping_status":"closed","template":"","meta":{"_acf_changed":false,"iawp_total_views":17,"footnotes":""},"class_list":["post-384","page","type-page","status-publish","hentry"],"acf":[],"yoast_head":"<!-- This site is optimized with the Yoast SEO plugin v27.4 - https:\/\/yoast.com\/product\/yoast-seo-wordpress\/ -->\n<title>Producci\u00f3n de pel\u00edculas \u00fanicas - El Rayo Verde Films<\/title>\n<meta name=\"description\" content=\"Descubre pel\u00edculas inspiradoras desde Pamplona que emocionan y transforman. Visita El Rayo Verde Films para conocer nuestros servicios y proyectos.\" \/>\n<meta name=\"robots\" content=\"index, follow, max-snippet:-1, max-image-preview:large, max-video-preview:-1\" \/>\n<link rel=\"canonical\" href=\"https:\/\/elrayoverdefilms.com\/en\/\" \/>\n<meta property=\"og:locale\" content=\"en_US\" \/>\n<meta property=\"og:type\" content=\"article\" \/>\n<meta property=\"og:title\" content=\"Producci\u00f3n de pel\u00edculas \u00fanicas - El Rayo Verde Films\" \/>\n<meta property=\"og:description\" content=\"Descubre pel\u00edculas inspiradoras desde Pamplona que emocionan y transforman. Visita El Rayo Verde Films para conocer nuestros servicios y proyectos.\" \/>\n<meta property=\"og:url\" content=\"https:\/\/elrayoverdefilms.com\/en\/\" \/>\n<meta property=\"og:site_name\" content=\"El Rayo Verde Films\" \/>\n<meta property=\"article:modified_time\" content=\"2025-06-25T09:44:54+00:00\" \/>\n<meta name=\"twitter:card\" content=\"summary_large_image\" \/>\n<!-- \/ Yoast SEO plugin. -->","yoast_head_json":{"title":"Producci\u00f3n de pel\u00edculas \u00fanicas - El Rayo Verde Films","description":"Descubre pel\u00edculas inspiradoras desde Pamplona que emocionan y transforman. Visita El Rayo Verde Films para conocer nuestros servicios y proyectos.","robots":{"index":"index","follow":"follow","max-snippet":"max-snippet:-1","max-image-preview":"max-image-preview:large","max-video-preview":"max-video-preview:-1"},"canonical":"https:\/\/elrayoverdefilms.com\/en\/","og_locale":"en_US","og_type":"article","og_title":"Producci\u00f3n de pel\u00edculas \u00fanicas - El Rayo Verde Films","og_description":"Descubre pel\u00edculas inspiradoras desde Pamplona que emocionan y transforman. Visita El Rayo Verde Films para conocer nuestros servicios y proyectos.","og_url":"https:\/\/elrayoverdefilms.com\/en\/","og_site_name":"El Rayo Verde Films","article_modified_time":"2025-06-25T09:44:54+00:00","twitter_card":"summary_large_image","schema":{"@context":"https:\/\/schema.org","@graph":[{"@type":"WebPage","@id":"https:\/\/elrayoverdefilms.com\/en\/","url":"https:\/\/elrayoverdefilms.com\/en\/","name":"Producci\u00f3n de pel\u00edculas \u00fanicas - El Rayo Verde Films","isPartOf":{"@id":"https:\/\/elrayoverdefilms.com\/en\/#website"},"datePublished":"2025-02-18T18:46:59+00:00","dateModified":"2025-06-25T09:44:54+00:00","description":"Descubre pel\u00edculas inspiradoras desde Pamplona que emocionan y transforman. Visita El Rayo Verde Films para conocer nuestros servicios y proyectos.","breadcrumb":{"@id":"https:\/\/elrayoverdefilms.com\/en\/#breadcrumb"},"inLanguage":"en-US","potentialAction":[{"@type":"ReadAction","target":["https:\/\/elrayoverdefilms.com\/en\/"]}]},{"@type":"BreadcrumbList","@id":"https:\/\/elrayoverdefilms.com\/en\/#breadcrumb","itemListElement":[{"@type":"ListItem","position":1,"name":"Portada","item":"https:\/\/elrayoverdefilms.com\/en\/home\/"},{"@type":"ListItem","position":2,"name":"Home"}]},{"@type":"WebSite","@id":"https:\/\/elrayoverdefilms.com\/en\/#website","url":"https:\/\/elrayoverdefilms.com\/en\/","name":"El Rayo Verde Films","description":"","publisher":{"@id":"https:\/\/elrayoverdefilms.com\/en\/#organization"},"potentialAction":[{"@type":"SearchAction","target":{"@type":"EntryPoint","urlTemplate":"https:\/\/elrayoverdefilms.com\/en\/?s={search_term_string}"},"query-input":{"@type":"PropertyValueSpecification","valueRequired":true,"valueName":"search_term_string"}}],"inLanguage":"en-US"},{"@type":"Organization","@id":"https:\/\/elrayoverdefilms.com\/en\/#organization","name":"El Rayo Verde Films","url":"https:\/\/elrayoverdefilms.com\/en\/","logo":{"@type":"ImageObject","inLanguage":"en-US","@id":"https:\/\/elrayoverdefilms.com\/en\/#\/schema\/logo\/image\/","url":"https:\/\/elrayoverdefilms.com\/wp-content\/uploads\/2025\/02\/67b47ca463d62_El-rayo-verde-negro-e1741603340960.png","contentUrl":"https:\/\/elrayoverdefilms.com\/wp-content\/uploads\/2025\/02\/67b47ca463d62_El-rayo-verde-negro-e1741603340960.png","width":1535,"height":2126,"caption":"El Rayo Verde Films"},"image":{"@id":"https:\/\/elrayoverdefilms.com\/en\/#\/schema\/logo\/image\/"}}]}},"_links":{"self":[{"href":"https:\/\/elrayoverdefilms.com\/en\/wp-json\/wp\/v2\/pages\/384","targetHints":{"allow":["GET"]}}],"collection":[{"href":"https:\/\/elrayoverdefilms.com\/en\/wp-json\/wp\/v2\/pages"}],"about":[{"href":"https:\/\/elrayoverdefilms.com\/en\/wp-json\/wp\/v2\/types\/page"}],"author":[{"embeddable":true,"href":"https:\/\/elrayoverdefilms.com\/en\/wp-json\/wp\/v2\/users\/1"}],"replies":[{"embeddable":true,"href":"https:\/\/elrayoverdefilms.com\/en\/wp-json\/wp\/v2\/comments?post=384"}],"version-history":[{"count":27,"href":"https:\/\/elrayoverdefilms.com\/en\/wp-json\/wp\/v2\/pages\/384\/revisions"}],"predecessor-version":[{"id":1751,"href":"https:\/\/elrayoverdefilms.com\/en\/wp-json\/wp\/v2\/pages\/384\/revisions\/1751"}],"wp:attachment":[{"href":"https:\/\/elrayoverdefilms.com\/en\/wp-json\/wp\/v2\/media?parent=384"}],"curies":[{"name":"wp","href":"https:\/\/api.w.org\/{rel}","templated":true}]}}